{"id":3382,"date":"2018-03-20T12:10:24","date_gmt":"2018-03-20T10:10:24","guid":{"rendered":"https:\/\/baldita.lt\/?page_id=3382"},"modified":"2020-06-03T09:35:10","modified_gmt":"2020-06-03T07:35:10","slug":"contacts","status":"publish","type":"page","link":"https:\/\/baldita.lt\/en\/contacts\/","title":{"rendered":"CONTACTS"},"content":{"rendered":"\n\n<div id=\"wk-gridbfb\" class=\"uk-grid-width-1-1 uk-grid-width-small-1-1 uk-grid-width-medium-1-2 uk-grid-width-large-1-2 uk-grid-width-xlarge-1-2 uk-grid uk-grid-match uk-text-center \" data-uk-grid-match=\"{target:'> div > .uk-panel', row:true}\" data-uk-grid-margin >\n\n\n    <div>\n        <div class=\"uk-panel uk-panel-space\">\n\n            \n            \n            \n            \n            \n            \n            \n                        <div class=\"uk-margin\"><p><span style=\"color: #282627;\">Orders:<br \/>Erikas Toma&scaron;evi\u010dius<br \/>Tel. <span style=\"color: #000000;\"><a style=\"color: #000000;\" href=\"tel:+37060839394\">+370 608 39394<\/a><\/span><br \/>El. p. <span style=\"color: #000000;\"><a style=\"color: #000000;\" href=\"mailto:info@baldita.lt\">info@baldita.lt<\/a><\/span><\/span><\/p>\n<\/div>\n            \n            \n            \n            \n        <\/div>\n    <\/div>\n\n\n    <div>\n        <div class=\"uk-panel uk-panel-space\">\n\n            \n            \n            \n            \n            \n            \n            \n                        <div class=\"uk-margin\"><p>Projector:<br \/>Renata Baliutavi\u010dien\u0117<br \/>Tel. <span style=\"color: #000000;\"><a style=\"color: #000000;\" href=\"tel:+37065764908\">+370 657 64908<\/a><\/span><br \/>El. p. <span style=\"color: #000000;\"><a style=\"color: #000000;\" href=\"mailto:projektai@baldita.lt\">projektai@baldita.lt<\/a><\/span><\/p>\n<\/div>\n            \n            \n            \n            \n        <\/div>\n    <\/div>\n\n\n<\/div>\n\n<script>\n(function($){\n\n    \/\/ get the images of the gallery and replace it by a canvas of the same size to fix the problem with overlapping images on load.\n    $('img[width][height]:not(.uk-overlay-panel)', $('#wk-gridbfb')).each(function() {\n\n        var $img = $(this);\n\n        if (this.width == 'auto' || this.height == 'auto' || !$img.is(':visible')) {\n            return;\n        }\n\n        var $canvas = $('<canvas class=\"uk-responsive-width\"><\/canvas>').attr({width:$img.attr('width'), height:$img.attr('height')}),\n            img = new Image,\n            release = function() {\n                $canvas.remove();\n                $img.css('display', '');\n                release = function(){};\n            };\n\n        $img.css('display', 'none').after($canvas);\n\n        $(img).on('load', function(){ release(); });\n        setTimeout(function(){ release(); }, 1000);\n\n        img.src = this.src;\n\n    });\n\n})(jQuery);\n<\/script>\n\n<hr \/>\n<p style=\"text-align: center;\">\n<script type=\"widgetkit\/map\" data-id=\"wk-map6a05d1f3c809c\" data-class=\" uk-img-preserve\" data-style=\"width:auto;height:400px;\">\n    {\"width\":\"auto\",\"height\":\"400\",\"maptypeid\":\"roadmap\",\"maptypecontrol\":false,\"mapctrl\":true,\"zoom\":\"14\",\"marker\":2,\"marker_icon\":\"\",\"markercluster\":false,\"popup_max_width\":300,\"zoomwheel\":true,\"draggable\":true,\"directions\":true,\"disabledefaultui\":false,\"styler_invert_lightness\":false,\"styler_hue\":\"\",\"styler_saturation\":0,\"styler_lightness\":0,\"styler_gamma\":0,\"media\":true,\"image_width\":\"auto\",\"image_height\":\"auto\",\"media_align\":\"top\",\"media_width\":\"1-2\",\"media_breakpoint\":\"medium\",\"media_border\":\"none\",\"media_overlay\":\"icon\",\"overlay_animation\":\"fade\",\"media_animation\":\"scale\",\"title\":true,\"content\":true,\"social_buttons\":false,\"title_size\":\"h5\",\"text_align\":\"left\",\"link\":false,\"link_style\":\"button\",\"link_text\":\"Read more\",\"link_target\":false,\"class\":\"\",\"markers\":[{\"lat\":55.7578131,\"lng\":24.3065877,\"icon\":\"\",\"title\":\"Pu\\u0161aloto g. 211, Panev\\u0117\\u017eys\",\"content\":\"\\n<div class=\\\"uk-text-left\\\">\\n\\n    \\n    \\n        <h3 class=\\\"uk-h5 uk-margin-top-remove\\\">Pu\\u0161aloto g. 211, Panev\\u0117\\u017eys<\\\/h3>\\n    \\n    \\n    \\n    \\n    \\n    \\n<\\\/div>\\n\"}],\"directionsText\":\"Get Directions\"}<\/script>\n<\/p>\n<p><strong>Manufacturing base:<\/strong> Pu\u0161aloto g. 211, LT-35291 Panev\u0117\u017eys<br \/>\n<em>Our manufacturing base is located in Panev\u0117\u017eys, but we provide our services all over Lithuania.<\/em><\/p>\n","protected":false},"excerpt":{"rendered":"<p>Manufacturing base: Pu\u0161aloto g. 211, LT-35291 Panev\u0117\u017eys Our manufacturing base is located in Panev\u0117\u017eys, but we provide our services all over Lithuania.<\/p>\n","protected":false},"author":1,"featured_media":0,"parent":0,"menu_order":26,"comment_status":"closed","ping_status":"closed","template":"","meta":{"inline_featured_image":false,"footnotes":""},"class_list":["post-3382","page","type-page","status-publish","hentry"],"yoast_head":"<!-- This site is optimized with the Yoast SEO plugin v27.6 - https:\/\/yoast.com\/product\/yoast-seo-wordpress\/ -->\n<title>CONTACTS - BALDITA<\/title>\n<meta name=\"description\" content=\"CONTACTS Manufacturing base: Pu\u0161aloto g. 211, LT-35291 Panev\u0117\u017eys Our manufacturing base is located in Panev\u0117\u017eys, but we provide our services all over Lithuania.\" \/>\n<meta name=\"robots\" content=\"index, follow, max-snippet:-1, max-image-preview:large, max-video-preview:-1\" \/>\n<link rel=\"canonical\" href=\"https:\/\/baldita.lt\/en\/contacts\/\" \/>\n<meta property=\"og:locale\" content=\"en_US\" \/>\n<meta property=\"og:type\" content=\"article\" \/>\n<meta property=\"og:title\" content=\"CONTACTS - BALDITA\" \/>\n<meta property=\"og:description\" content=\"CONTACTS Manufacturing base: Pu\u0161aloto g. 211, LT-35291 Panev\u0117\u017eys Our manufacturing base is located in Panev\u0117\u017eys, but we provide our services all over Lithuania.\" \/>\n<meta property=\"og:url\" content=\"https:\/\/baldita.lt\/en\/contacts\/\" \/>\n<meta property=\"og:site_name\" content=\"BALDITA\" \/>\n<meta property=\"article:publisher\" content=\"https:\/\/www.facebook.com\/Nestandartini%c5%b3-bald%c5%b3-gamyba-Baldita-518682351552738\/\" \/>\n<meta property=\"article:modified_time\" content=\"2020-06-03T07:35:10+00:00\" \/>\n<meta property=\"og:image\" content=\"https:\/\/baldita.lt\/wp-content\/uploads\/baldita.png\" \/>\n\t<meta property=\"og:image:width\" content=\"260\" \/>\n\t<meta property=\"og:image:height\" content=\"260\" \/>\n\t<meta property=\"og:image:type\" content=\"image\/png\" \/>\n<meta name=\"twitter:card\" content=\"summary_large_image\" \/>\n<script type=\"application\/ld+json\" class=\"yoast-schema-graph\">{\"@context\":\"https:\\\/\\\/schema.org\",\"@graph\":[{\"@type\":\"WebPage\",\"@id\":\"https:\\\/\\\/baldita.lt\\\/en\\\/contacts\\\/\",\"url\":\"https:\\\/\\\/baldita.lt\\\/en\\\/contacts\\\/\",\"name\":\"CONTACTS - BALDITA\",\"isPartOf\":{\"@id\":\"https:\\\/\\\/baldita.lt\\\/en\\\/#website\"},\"datePublished\":\"2018-03-20T10:10:24+00:00\",\"dateModified\":\"2020-06-03T07:35:10+00:00\",\"description\":\"CONTACTS Manufacturing base: Pu\u0161aloto g. 211, LT-35291 Panev\u0117\u017eys Our manufacturing base is located in Panev\u0117\u017eys, but we provide our services all over Lithuania.\",\"breadcrumb\":{\"@id\":\"https:\\\/\\\/baldita.lt\\\/en\\\/contacts\\\/#breadcrumb\"},\"inLanguage\":\"en-US\",\"potentialAction\":[{\"@type\":\"ReadAction\",\"target\":[\"https:\\\/\\\/baldita.lt\\\/en\\\/contacts\\\/\"]}]},{\"@type\":\"BreadcrumbList\",\"@id\":\"https:\\\/\\\/baldita.lt\\\/en\\\/contacts\\\/#breadcrumb\",\"itemListElement\":[{\"@type\":\"ListItem\",\"position\":1,\"name\":\"Prad\u017eia\",\"item\":\"https:\\\/\\\/baldita.lt\\\/en\\\/\"},{\"@type\":\"ListItem\",\"position\":2,\"name\":\"CONTACTS\"}]},{\"@type\":\"WebSite\",\"@id\":\"https:\\\/\\\/baldita.lt\\\/en\\\/#website\",\"url\":\"https:\\\/\\\/baldita.lt\\\/en\\\/\",\"name\":\"BALDITA\",\"description\":\"\",\"publisher\":{\"@id\":\"https:\\\/\\\/baldita.lt\\\/en\\\/#organization\"},\"potentialAction\":[{\"@type\":\"SearchAction\",\"target\":{\"@type\":\"EntryPoint\",\"urlTemplate\":\"https:\\\/\\\/baldita.lt\\\/en\\\/?s={search_term_string}\"},\"query-input\":{\"@type\":\"PropertyValueSpecification\",\"valueRequired\":true,\"valueName\":\"search_term_string\"}}],\"inLanguage\":\"en-US\"},{\"@type\":\"Organization\",\"@id\":\"https:\\\/\\\/baldita.lt\\\/en\\\/#organization\",\"name\":\"BALDITA\",\"url\":\"https:\\\/\\\/baldita.lt\\\/en\\\/\",\"logo\":{\"@type\":\"ImageObject\",\"inLanguage\":\"en-US\",\"@id\":\"https:\\\/\\\/baldita.lt\\\/en\\\/#\\\/schema\\\/logo\\\/image\\\/\",\"url\":\"https:\\\/\\\/baldita.lt\\\/wp-content\\\/uploads\\\/baldita.png\",\"contentUrl\":\"https:\\\/\\\/baldita.lt\\\/wp-content\\\/uploads\\\/baldita.png\",\"width\":260,\"height\":260,\"caption\":\"BALDITA\"},\"image\":{\"@id\":\"https:\\\/\\\/baldita.lt\\\/en\\\/#\\\/schema\\\/logo\\\/image\\\/\"},\"sameAs\":[\"https:\\\/\\\/www.facebook.com\\\/Nestandartini\u0173-bald\u0173-gamyba-Baldita-518682351552738\\\/\"]}]}<\/script>\n<!-- \/ Yoast SEO plugin. -->","yoast_head_json":{"title":"CONTACTS - BALDITA","description":"CONTACTS Manufacturing base: Pu\u0161aloto g. 211, LT-35291 Panev\u0117\u017eys Our manufacturing base is located in Panev\u0117\u017eys, but we provide our services all over Lithuania.","robots":{"index":"index","follow":"follow","max-snippet":"max-snippet:-1","max-image-preview":"max-image-preview:large","max-video-preview":"max-video-preview:-1"},"canonical":"https:\/\/baldita.lt\/en\/contacts\/","og_locale":"en_US","og_type":"article","og_title":"CONTACTS - BALDITA","og_description":"CONTACTS Manufacturing base: Pu\u0161aloto g. 211, LT-35291 Panev\u0117\u017eys Our manufacturing base is located in Panev\u0117\u017eys, but we provide our services all over Lithuania.","og_url":"https:\/\/baldita.lt\/en\/contacts\/","og_site_name":"BALDITA","article_publisher":"https:\/\/www.facebook.com\/Nestandartini%c5%b3-bald%c5%b3-gamyba-Baldita-518682351552738\/","article_modified_time":"2020-06-03T07:35:10+00:00","og_image":[{"width":260,"height":260,"url":"https:\/\/baldita.lt\/wp-content\/uploads\/baldita.png","type":"image\/png"}],"twitter_card":"summary_large_image","schema":{"@context":"https:\/\/schema.org","@graph":[{"@type":"WebPage","@id":"https:\/\/baldita.lt\/en\/contacts\/","url":"https:\/\/baldita.lt\/en\/contacts\/","name":"CONTACTS - BALDITA","isPartOf":{"@id":"https:\/\/baldita.lt\/en\/#website"},"datePublished":"2018-03-20T10:10:24+00:00","dateModified":"2020-06-03T07:35:10+00:00","description":"CONTACTS Manufacturing base: Pu\u0161aloto g. 211, LT-35291 Panev\u0117\u017eys Our manufacturing base is located in Panev\u0117\u017eys, but we provide our services all over Lithuania.","breadcrumb":{"@id":"https:\/\/baldita.lt\/en\/contacts\/#breadcrumb"},"inLanguage":"en-US","potentialAction":[{"@type":"ReadAction","target":["https:\/\/baldita.lt\/en\/contacts\/"]}]},{"@type":"BreadcrumbList","@id":"https:\/\/baldita.lt\/en\/contacts\/#breadcrumb","itemListElement":[{"@type":"ListItem","position":1,"name":"Prad\u017eia","item":"https:\/\/baldita.lt\/en\/"},{"@type":"ListItem","position":2,"name":"CONTACTS"}]},{"@type":"WebSite","@id":"https:\/\/baldita.lt\/en\/#website","url":"https:\/\/baldita.lt\/en\/","name":"BALDITA","description":"","publisher":{"@id":"https:\/\/baldita.lt\/en\/#organization"},"potentialAction":[{"@type":"SearchAction","target":{"@type":"EntryPoint","urlTemplate":"https:\/\/baldita.lt\/en\/?s={search_term_string}"},"query-input":{"@type":"PropertyValueSpecification","valueRequired":true,"valueName":"search_term_string"}}],"inLanguage":"en-US"},{"@type":"Organization","@id":"https:\/\/baldita.lt\/en\/#organization","name":"BALDITA","url":"https:\/\/baldita.lt\/en\/","logo":{"@type":"ImageObject","inLanguage":"en-US","@id":"https:\/\/baldita.lt\/en\/#\/schema\/logo\/image\/","url":"https:\/\/baldita.lt\/wp-content\/uploads\/baldita.png","contentUrl":"https:\/\/baldita.lt\/wp-content\/uploads\/baldita.png","width":260,"height":260,"caption":"BALDITA"},"image":{"@id":"https:\/\/baldita.lt\/en\/#\/schema\/logo\/image\/"},"sameAs":["https:\/\/www.facebook.com\/Nestandartini\u0173-bald\u0173-gamyba-Baldita-518682351552738\/"]}]}},"_links":{"self":[{"href":"https:\/\/baldita.lt\/en\/wp-json\/wp\/v2\/pages\/3382","targetHints":{"allow":["GET"]}}],"collection":[{"href":"https:\/\/baldita.lt\/en\/wp-json\/wp\/v2\/pages"}],"about":[{"href":"https:\/\/baldita.lt\/en\/wp-json\/wp\/v2\/types\/page"}],"author":[{"embeddable":true,"href":"https:\/\/baldita.lt\/en\/wp-json\/wp\/v2\/users\/1"}],"replies":[{"embeddable":true,"href":"https:\/\/baldita.lt\/en\/wp-json\/wp\/v2\/comments?post=3382"}],"version-history":[{"count":0,"href":"https:\/\/baldita.lt\/en\/wp-json\/wp\/v2\/pages\/3382\/revisions"}],"wp:attachment":[{"href":"https:\/\/baldita.lt\/en\/wp-json\/wp\/v2\/media?parent=3382"}],"curies":[{"name":"wp","href":"https:\/\/api.w.org\/{rel}","templated":true}]}}